{"id":8523,"date":"2015-11-24T09:47:48","date_gmt":"2015-11-24T08:47:48","guid":{"rendered":"http:\/\/www.zveza-slepih.si\/rikoss\/?page_id=8523"},"modified":"2015-11-24T09:47:48","modified_gmt":"2015-11-24T08:47:48","slug":"povezave","status":"publish","type":"page","link":"https:\/\/zdsss.a11y.si\/rikoss\/povezave\/","title":{"rendered":"Uporabne povezave"},"content":{"rendered":"<h2>Podro\u010dje informacijske in komunikacijske opreme<\/h2>\n<ul>\n\t<li>AI Squared (ZDA) \u2013 programi za pove\u010davo zoomtext, bralnik zaslona window.eyes in zoomtext fusion:<a href=\"https:\/\/www.zoomtext.com\/\" target=\"_blank\" rel=\"noopener\"> https:\/\/www.zoomtext.com\/<\/a><\/li>\n\n\t<li>Amebis (Slovenija) \u2013 slovenska sinteza govora Ebralec in orodja za lektoriranje Besana: EBralec (tekst v govor): <a href=\"https:\/\/www.ebralec.si\">http:\/\/www.ebralec.si<\/a>, Besana (lektorica): <a href=\"https:\/\/besana.amebis.si\">http:\/\/besana.amebis.si<\/a><\/li>\n\n\t<li>Code Factory (\u0160panija) \u2013 zvo\u010dne re\u0161itve za slepe in slabovidne pri uporabi mobilnih telefonov:<a href=\"https:\/\/codefactoryglobal.com\" target=\"_blank\" rel=\"noopener\"> https:\/\/codefactoryglobal.com<\/a><\/li>\n\n\t<li>Diopta (Slovenija) &#8211; tehni\u010dni pripomo\u010dki in programska oprema za slepe, slabovidne in dislektike za branje in pisanje. Zastopstva za: A. Schweizer, Dolphin computer access, Enhanced Vision, Eurobraille, HumanWare, Multilens: <a href=\"https:\/\/www.diopta.si\/\" target=\"_blank\" rel=\"noopener\">https:\/\/www.diopta.si\/<\/a><\/li>\n\n\t<li>Dolphin (Velika Britanija) &#8211; pove\u010devalnik zaslonske slike in bralnik zaslona, orodja za pretvorbo in predvajanje Dajsy knjig, pove\u010dan tisk, brajica: <a href=\"https:\/\/yourdolphin.com\/\" target=\"_blank\" rel=\"noopener\">https:\/\/yourdolphin.com\/<\/a><\/li>\n\n\t<li>Enhanced Vision (ZDA) &#8211; elektronske prenosne in namizne lupe: <a href=\"https:\/\/www.enhancedvision.com\/\">https:\/\/www.enhancedvision.com\/<\/a><\/li>\n\n\t<li>Eurobraille (Francija) &#8211; brajevi zasloni \/ brajeve vrstice: <a href=\"https:\/\/www.eurobraille.fr\/en\/\" target=\"_blank\" rel=\"noopener\">https:\/\/www.eurobraille.fr\/en\/<\/a><\/li>\n\n\t<li>Freedom Scientific (ZDA) \u2013 bralnik zaslona jaws, brajevi zasloni, elektronske ro\u010dne in namizne lupe: <a href=\"https:\/\/www.freedomscientific.com\" target=\"_blank\" rel=\"noopener\">https:\/\/www.freedomscientific.com<\/a><\/li>\n\n\t<li>Handy Tech (Nem\u010dija) \u2013 brajevi zasloni, elektronske ro\u010dne in namizne lupe, bralne naprave, zvo\u010dni predvajalniki: <a href=\"https:\/\/handytech.de\/en\/welcome\/\">https:\/\/handytech.de\/en\/welcome\/<\/a><\/li>\n\n\t<li>HumanWare (Kanada) &#8211; Daisy predvajalniki zvo\u010dnih knjig, elektronske prenosne in namizne lupe, brajevi zasloni\/vrstice): <a href=\"https:\/\/www.humanware.com\" target=\"_blank\" rel=\"noopener\">https:\/\/www.humanware.com<\/a><\/li>\n\n\t<li>Index braille (\u0160vedska) \u2013 brajevi tiskalniki, pripomo\u010dki pri tiskanju v brajici: <a href=\"https:\/\/www.indexbraille.com\" target=\"_blank\" rel=\"noopener\">https:\/\/www.indexbraille.com<\/a><\/li>\n\n\t<li>LVI (\u0160vedska) \u2013 elektronske ro\u010dne in namizne lupe:<a href=\"https:\/\/lvi.se\" target=\"_blank\" rel=\"noopener\"> https:\/\/lvi.se<\/a><\/li>\n\n\t<li>Multilens (\u0160vedska) &#8211; specialni sistemi le\u010d za bli\u017eino in daljavo, filter o\u010dala: <a href=\"https:\/\/multilens.se\/en\" target=\"_blank\" rel=\"noopener\">https:\/\/multilens.se\/en<\/a><\/li>\n\n\t<li>RTV Slovenija \u2013 brezpla\u010den MMC RTV Govorec (da lahko ljudje z okvaro vida spremljajo teletekst): <a href=\"https:\/\/www.rtvslo.si\/mmcrtvgovorec\" target=\"_blank\" rel=\"noopener\">https:\/\/www.rtvslo.si\/mmcrtvgovorec<\/a><\/li>\n\n\t<li>Schweizer (Nem\u010dija) &#8211; specialni sistemi le\u010d za bli\u017eino in daljavo, elektronske prenosne in namizne lupe: <a href=\"https:\/\/www.schweizer-optik.de\/unternehmensbereich\/improvision\/\" target=\"_blank\" rel=\"noopener\">https:\/\/www.schweizer-optik.de\/unternehmensbereich\/improvision\/<\/a><\/li>\n\n\t<li>Urbit (Slovenija) &#8211; tehni\u010dna pomo\u010d in prodaja programskih ter tehni\u010dnih pripomo\u010dkov za slepe in slabovidne. Zastopstva za: Handy Tech, AI Squared, Freedom Scientific, Index braille, LVI, Code Factory: <a href=\"https:\/\/www.urbit.si\" target=\"_blank\" rel=\"noopener\">www.urbit.si<\/a><\/li>\n<\/ul>\n\n<p>Vabilo: veseli bomo, \u010de nam po\u0161ljete povezavo do kak\u0161ne spletne strani, ki bi bila uporabna za ostale bralce \u2013 sporo\u010dite v <a href=\"mailto:rikoss@zveza-slepih.si?subject=Komentar\">uredni\u0161tvo Rikoss.<\/a><\/p>","protected":false},"excerpt":{"rendered":"Podro\u010dje informacijske in komunikacijske opreme AI Squared (ZDA) \u2013 programi za pove\u010davo zoomtext, bralnik zaslona window.eyes in zoomtext fusion: https:\/\/www.zoomtext.com\/ Amebis (Slovenija) \u2013 slovenska sinteza govora Ebralec in orodja za lektoriranje Besana: EBralec (tekst v govor): http:\/\/www.ebralec.si, Besana (lektorica): http:\/\/besana.amebis.si Code Factory (\u0160panija) \u2013 zvo\u010dne re\u0161itve za slepe in slabovidne pri uporabi mobilnih telefonov: https:\/\/codefactoryglobal.com [&hellip;]","protected":false},"author":1,"featured_media":0,"parent":0,"menu_order":0,"comment_status":"closed","ping_status":"closed","template":"","meta":{"_acf_changed":false,"footnotes":""},"tags":[],"class_list":["post-8523","page","type-page","status-publish","hentry"],"acf":[],"_links":{"self":[{"href":"https:\/\/zdsss.a11y.si\/rikoss\/wp-json\/wp\/v2\/pages\/8523","targetHints":{"allow":["GET"]}}],"collection":[{"href":"https:\/\/zdsss.a11y.si\/rikoss\/wp-json\/wp\/v2\/pages"}],"about":[{"href":"https:\/\/zdsss.a11y.si\/rikoss\/wp-json\/wp\/v2\/types\/page"}],"author":[{"embeddable":true,"href":"https:\/\/zdsss.a11y.si\/rikoss\/wp-json\/wp\/v2\/users\/1"}],"replies":[{"embeddable":true,"href":"https:\/\/zdsss.a11y.si\/rikoss\/wp-json\/wp\/v2\/comments?post=8523"}],"version-history":[{"count":0,"href":"https:\/\/zdsss.a11y.si\/rikoss\/wp-json\/wp\/v2\/pages\/8523\/revisions"}],"wp:attachment":[{"href":"https:\/\/zdsss.a11y.si\/rikoss\/wp-json\/wp\/v2\/media?parent=8523"}],"wp:term":[{"taxonomy":"post_tag","embeddable":true,"href":"https:\/\/zdsss.a11y.si\/rikoss\/wp-json\/wp\/v2\/tags?post=8523"}],"curies":[{"name":"wp","href":"https:\/\/api.w.org\/{rel}","templated":true}]}}