{"id":8526,"date":"2015-11-24T09:52:34","date_gmt":"2015-11-24T08:52:34","guid":{"rendered":"http:\/\/www.zveza-slepih.si\/rikoss\/?page_id=8526"},"modified":"2015-11-24T09:52:34","modified_gmt":"2015-11-24T08:52:34","slug":"urednistvo","status":"publish","type":"page","link":"https:\/\/zdsss.a11y.si\/rikoss\/urednistvo\/","title":{"rendered":"Uredni\u0161tvo"},"content":{"rendered":"<h2>Naslov uredni\u0161tva<\/h2>\n<p>Zveza dru\u0161tev slepih in slabovidnih Slovenije \/ RIKOSS<br>Groharjeva 2<br>1000 Ljubljana<br>Telefon: 01\/4700-211<br>E-po\u0161ta: <a href=\"mailto:rikoss@zveza-slepih.si?subject=Kontakt\">uredni\u0161tvo Rikoss<\/a><\/p>\n<p>Odgovorni in tehni\u010dni urednik \/ predsednik uredni\u0161kega odbora (sveta): <a href=\"mailto:marino.kacic@gmail.com\">dr. Marino Ka\u010di\u010d<\/a><\/p>\n<p>Uredni\u0161ki odbor (svet) in sodelavci: <a href=\"mailto:brane.but@siol.net\">Brane But,<\/a> <a href=\"mailto:anja.ursic8@gmail.com\">Anja Ur\u0161i\u010d,<\/a> <a href=\"mailto:metka.pavsic@guest.arnes.si\">Metka Pav\u0161i\u010d,<\/a> <a href=\"mailto:balki1@siol.net\">Safet Balti\u010d, <\/a> <a href=\"mailto:alojzija.zupanic@amis.net\">Slavica Bukovec Zupani\u010d,<\/a> <a href=\"mailto:srebrnjakmiha4@gmail.com\">Miha Srebrnjak, <\/a> <a href=\"mailto:sabina.dermota@gov.si\"> Sabina Dermota <\/a><\/p>\n<p>Strokovni sodelavec: <a href=\"mailto:blaz.saksida@zveza-slepih.si\">Bla\u017e Saksida<\/a><\/p>\n<p>Lektor: Vida \u010crnivec<\/p>\n<p><a href=\"\/rikoss\/wp-content\/uploads\/2017\/03\/Vizitka_Rikoss.pdf\">Vizitka Rikoss<\/a><\/p>\n<p><a href=\"\/rikoss\/wp-content\/uploads\/2017\/09\/smernice_za_clanke.pdf\">Smernice za pisanje \u010dlanka<\/a><\/p>","protected":false},"excerpt":{"rendered":"Naslov uredni\u0161tva Zveza dru\u0161tev slepih in slabovidnih Slovenije \/ RIKOSSGroharjeva 21000 LjubljanaTelefon: 01\/4700-211E-po\u0161ta: uredni\u0161tvo Rikoss Odgovorni in tehni\u010dni urednik \/ predsednik uredni\u0161kega odbora (sveta): dr. Marino Ka\u010di\u010d Uredni\u0161ki odbor (svet) in sodelavci: Brane But, Anja Ur\u0161i\u010d, Metka Pav\u0161i\u010d, Safet Balti\u010d, Slavica Bukovec Zupani\u010d, Miha Srebrnjak, Sabina Dermota Strokovni sodelavec: Bla\u017e Saksida Lektor: Vida \u010crnivec Vizitka [&hellip;]","protected":false},"author":1,"featured_media":0,"parent":0,"menu_order":0,"comment_status":"closed","ping_status":"closed","template":"","meta":{"_acf_changed":false,"footnotes":""},"tags":[],"class_list":["post-8526","page","type-page","status-publish","hentry"],"acf":[],"_links":{"self":[{"href":"https:\/\/zdsss.a11y.si\/rikoss\/wp-json\/wp\/v2\/pages\/8526","targetHints":{"allow":["GET"]}}],"collection":[{"href":"https:\/\/zdsss.a11y.si\/rikoss\/wp-json\/wp\/v2\/pages"}],"about":[{"href":"https:\/\/zdsss.a11y.si\/rikoss\/wp-json\/wp\/v2\/types\/page"}],"author":[{"embeddable":true,"href":"https:\/\/zdsss.a11y.si\/rikoss\/wp-json\/wp\/v2\/users\/1"}],"replies":[{"embeddable":true,"href":"https:\/\/zdsss.a11y.si\/rikoss\/wp-json\/wp\/v2\/comments?post=8526"}],"version-history":[{"count":0,"href":"https:\/\/zdsss.a11y.si\/rikoss\/wp-json\/wp\/v2\/pages\/8526\/revisions"}],"wp:attachment":[{"href":"https:\/\/zdsss.a11y.si\/rikoss\/wp-json\/wp\/v2\/media?parent=8526"}],"wp:term":[{"taxonomy":"post_tag","embeddable":true,"href":"https:\/\/zdsss.a11y.si\/rikoss\/wp-json\/wp\/v2\/tags?post=8526"}],"curies":[{"name":"wp","href":"https:\/\/api.w.org\/{rel}","templated":true}]}}