{"id":8603,"date":"2015-11-24T11:49:52","date_gmt":"2015-11-24T10:49:52","guid":{"rendered":"http:\/\/www.zveza-slepih.si\/rikoss\/?page_id=8603"},"modified":"2015-11-24T11:49:52","modified_gmt":"2015-11-24T10:49:52","slug":"o-rikossu","status":"publish","type":"page","link":"https:\/\/zdsss.a11y.si\/rikoss\/o-rikossu\/","title":{"rendered":"O RIKOSS"},"content":{"rendered":"<p><strong>RIKOSS<\/strong> je edina poljudno-znanstvena revija v Sloveniji s podro\u010dja ljudi z okvarami vida in izhaja neprekinjeno \u017ee od leta 2002.<\/p>\n<p><strong>RIKOSS<\/strong> objavlja strokovne in znanstvene \u010dlanke in druge prispevke, povezane s spoznanji in raziskavami o mo\u017enostih, ki spremljajo ljudi s prirojeno ali pridobljeno okvaro vida, o ovirah, s katerimi se sre\u010dujejo, in z re\u0161itvami za te ovire.<\/p>\n<p>Je <strong>brezpla\u010dna revija<\/strong>, ki jo izdaja Zveza dru\u0161tev slepih in slabovidnih Slovenije in izhaja 4 x letno v elektronski in zvo\u010dni obliki.<\/p>\n<p><strong>RIKOSS<\/strong> seznanja bralce s sodobno IKT ter specializirano informacijsko opremo za slepe in slabovidne ter z mo\u017enostmi za izobra\u017eevanje, delo in zabavo, prina\u0161a pa tudi zapise o osebnih, delovnih, popotni\u0161kih, zdravstvenih in drugih \u017eivljenjskih izku\u0161njah slepih in slabovidnih.<\/p>\n<h2>Poslanstvo revije RIKOSS<\/h2>\n<p><strong>RIKOSS<\/strong> je namenjen tako \u010dlanom vseh dru\u0161tev slepih in slabovidnih kot tudi vsem drugim bralcem, ki jih to podro\u010dje zanima iz poslovnih, delovnih, sorodstvenih, strokovnih ali kakr\u0161nihkoli drugih razlogov. Elektronsko in zvo\u010dno obliko dobite brezpla\u010dno vsake tri mesece v svoj e-predal, ko postanete <a href=\"mailto:rikoss@zveza-slepih.si?subject=naro\u010dilo%20na%20revijo%20Rikoss\">naro\u010dnik na revijo RIKOSS<\/a>. Z revijo \u017eelimo pribli\u017eati aktualna spoznanja in nove mo\u017enosti slepim in slabovidnim kot tudi vsem tistim, ki se kakorkoli sre\u010dujejo z nami in bolj ali manj neposredno vplivajo na na\u0161a \u017eivljenja. RIKOSS predstavlja vez med nami in vsemi tistimi, ki nas morda poznajo samo z ulice ali medijev. Omogo\u010da vpogled o tem, kaj lahko slepi in slabovidni delamo, kaj in kak\u0161na je sodobna oprema. \u0160e posebej pa smo veseli, ko od \u010dlanov medob\u010dinskih dru\u0161tev sli\u0161imo, da so jih posamezni \u010dlanki v reviji spodbudili k novemu u\u010denju, ali pa jim olaj\u0161ali odlo\u010ditev za spremembo v \u017eivljenju.<\/p>\n<h2>Cilji, ki jih v uredni\u0161tvu RIKOSS zasledujemo<\/h2>\n<ol>\n<li>zbiranje informacij o programski in strojni opremi, prirejeni za slepe in slabovidne, ki naj olaj\u0161a iskanje, razumevanje in odlo\u010ditve za njeno nabavo,<\/li>\n<li>spremljanje aktualnega dogajanja v Sloveniji,<\/li>\n<li>politike in na\u010drtovanje, uspe\u0161nost izvajanja u\u010denja, zaposlovanja \u2026<\/li>\n<li>seznanjanje z mo\u017enostmi za strokovno izpopolnjevanje,<\/li>\n<li>te\u010daji, seminarji, konference ipd.,<\/li>\n<li>\u0161irjenje mo\u017enosti, da praktiki in uporabniki z mnenji, vpra\u0161anji in s predlogi sodelujejo pri \u0161irjenju in uporabi opreme za la\u017eje izobra\u017eevanje v integraciji in za zaposlovanje,<\/li>\n<li>objavljanje strokovnih in znanstvenih prispevkov, namenjenih strokovnim delavcem in praktikom za bolj\u0161e delo,<\/li>\n<li>spodbujanje izobra\u017eevanja in financiranje s prikazom ustreznih re\u0161itev in dobre prakse.<\/li>\n<\/ol>\n<h2>Kaj pridobite kot naro\u010dnik?<\/h2>\n<ol>\n<li>Na enem mestu dobite zbrano ve\u010dino informacij s tematikami: ra\u010dunalni\u0161tvo, informacijsko-komunikacijska oprema, izobra\u017eevalne in podporne aktivnosti, dose\u017eki in ponudba v Sloveniji, testi opreme in storitev, povzetki iz drugih revij s podobno tematiko,<\/li>\n<li>Seznanite se z vpra\u0161anji in odgovori, izku\u0161njami kolegov, predstavitvami slepih in slabovidnih, ki so s pomo\u010djo specialne opreme zaposleni, se izobra\u017eujejo ali so v vsakdanjem \u017eivljenju bolj samostojni.<\/li>\n<li>Kot uporabnik specialne opreme lahko sledite novostim iz tega podro\u010dja, ste informirani o opremi in mo\u017enostih, izmenjujete izku\u0161nje, zastavljate vpra\u0161anja \u2026<\/li>\n<li>Kot (potencialni) zaposlovalec se seznanite z najnovej\u0161imi izdelki in storitvami s tega podro\u010dja ter mo\u017enostmi, ki jih lahko pri\u010dakujete od zaposlenega slepega\/slabovidnega,<\/li>\n<li>Kot institucija lahko predstavite svoje delo, dose\u017eke, izku\u0161nje, novosti ter s tem poka\u017eete svoje delo in uspehe zainteresirani javnosti,<\/li>\n<li>Pri podpornih dejavnostih ste seznanjeni s potrebami, aktualno opremo, obve\u0161\u010date druge o va\u0161ih dejanjih iz svojega podro\u010dja dela,<\/li>\n<li>Kot strokovnjak lahko s svojimi prispevki postanete kompetentni (prepoznavni) tudi v \u0161ir\u0161i javnosti, seznanjeni ste z novostmi in trendi s tega podro\u010dja,<\/li>\n<li>Kot ponudnik\/zastopnik lahko predstavite izdelke in storitve ter se tako pribli\u017eajte uporabnikom, strokovnjakom in drugim zainteresiranim.<\/li>\n<\/ol>\n<p>Vljudno vabljeni, da <a href=\"mailto:rikoss@zveza-slepih.si?subject=naro\u010dilo%20na%20evijo%20Rikoss\">postanete na\u0161 naro\u010dnik<\/a>!<\/p>\n<p>Odgovorni in tehni\u010dni urednik <a href=\"mailto:rikoss@zveza-slepih.si?subject=Kontakt\">Marino Ka\u010di\u010d<\/a><\/p>","protected":false},"excerpt":{"rendered":"RIKOSS je edina poljudno-znanstvena revija v Sloveniji s podro\u010dja ljudi z okvarami vida in izhaja neprekinjeno \u017ee od leta 2002. RIKOSS objavlja strokovne in znanstvene \u010dlanke in druge prispevke, povezane s spoznanji in raziskavami o mo\u017enostih, ki spremljajo ljudi s prirojeno ali pridobljeno okvaro vida, o ovirah, s katerimi se sre\u010dujejo, in z re\u0161itvami za [&hellip;]","protected":false},"author":1,"featured_media":0,"parent":0,"menu_order":0,"comment_status":"closed","ping_status":"closed","template":"","meta":{"_acf_changed":false,"footnotes":""},"tags":[],"class_list":["post-8603","page","type-page","status-publish","hentry"],"acf":[],"_links":{"self":[{"href":"https:\/\/zdsss.a11y.si\/rikoss\/wp-json\/wp\/v2\/pages\/8603","targetHints":{"allow":["GET"]}}],"collection":[{"href":"https:\/\/zdsss.a11y.si\/rikoss\/wp-json\/wp\/v2\/pages"}],"about":[{"href":"https:\/\/zdsss.a11y.si\/rikoss\/wp-json\/wp\/v2\/types\/page"}],"author":[{"embeddable":true,"href":"https:\/\/zdsss.a11y.si\/rikoss\/wp-json\/wp\/v2\/users\/1"}],"replies":[{"embeddable":true,"href":"https:\/\/zdsss.a11y.si\/rikoss\/wp-json\/wp\/v2\/comments?post=8603"}],"version-history":[{"count":0,"href":"https:\/\/zdsss.a11y.si\/rikoss\/wp-json\/wp\/v2\/pages\/8603\/revisions"}],"wp:attachment":[{"href":"https:\/\/zdsss.a11y.si\/rikoss\/wp-json\/wp\/v2\/media?parent=8603"}],"wp:term":[{"taxonomy":"post_tag","embeddable":true,"href":"https:\/\/zdsss.a11y.si\/rikoss\/wp-json\/wp\/v2\/tags?post=8603"}],"curies":[{"name":"wp","href":"https:\/\/api.w.org\/{rel}","templated":true}]}}